{"id":87,"date":"2021-04-07T21:33:50","date_gmt":"2021-04-08T02:33:50","guid":{"rendered":"https:\/\/stg.socialskin.com\/comunidad\/?page_id=87"},"modified":"2022-08-03T11:08:05","modified_gmt":"2022-08-03T16:08:05","slug":"politica-de-privacidad-y-tratamiento-de-datos","status":"publish","type":"page","link":"https:\/\/socialskin.com\/comunidad\/politica-de-privacidad-y-tratamiento-de-datos\/","title":{"rendered":"Pol\u00edtica de Privacidad y Tratamiento de datos"},"content":{"rendered":"<h2>Pol\u00edtica de privacidad<\/h2>\n<hr \/>\n<h4>1. \u00bfQU\u00c9 SON Y QUE NO SON LAS COOKIES\/DATOS DE NAVEGACI\u00d3N?<\/h4>\n<p>Las cookies\/datos de navegaci\u00f3n son peque\u00f1os archivos de informaci\u00f3n o fragmentos de texto\u00a0enviados por un Portal o Aplicaci\u00f3n tecnol\u00f3gica de propiedad de El Grupo Bol\u00edvar S.A. o alguna de\u00a0sus sociedades controladas o que se encuentren bajo el mismo nivel de control y que se almacenan en\u00a0el navegador o dispositivo del usuario. A trav\u00e9s de las cookies, los Portales recuerdan informaci\u00f3n\u00a0sobre la visita de los usuarios, lo que permite que se proporcione una mejor y m\u00e1s segura experiencia\u00a0de navegaci\u00f3n en el mismo. Las cookies se asocian tanto a usuarios an\u00f3nimos, es decir, aquellos que\u00a0visitan los Portales sin identificarse o registrarse, como aquellos que s\u00ed lo hacen.<\/p>\n<p>Por otro lado, las cookies no son un virus o cualquier otro tipo de programa malicioso que pueda da\u00f1ar\u00a0dispositivos de los usuarios. Adicionalmente las cookies no pueden borrar ni leer informaci\u00f3n del\u00a0computador o dispositivo de los usuarios.<\/p>\n<p>&nbsp;<\/p>\n<p><b>2. \u00bfC\u00d3MO OBTIENE EL GRUPO BOL\u00cdVAR S.A. LAS COOKIES?<\/b><\/p>\n<p>Las cookies se crean y\/o actualizan en el computador o dispositivo del usuario de manera autom\u00e1tica,\u00a0cuando \u00e9ste accede a un Portal de El Grupo Bol\u00edvar S.A. , lo cual permite al Grupo Bol\u00edvar S.A. o a\u00a0las terceras personas que este contrate, realizar seguimiento a las cookies del usuario y por ende a la\u00a0informaci\u00f3n que estas cookies contienen u obtienen del usuario. Es importante aclarar que las cookies\u00a0s\u00f3lo son le\u00eddas por el sitio web que las cre\u00f3.<\/p>\n<p><b>3 \u00bfQU\u00c9 CLASE DE COOKIES UTILIZA EL GRUPO BOL\u00cdVAR S.A. Y PARA QU\u00c9 LAS\u00a0UTILIZA?<\/b><br \/>\n<b>4 \u00bfPUEDO DESHABILITAR LA INSTALACI\u00d3N Y USO DE COOKIES POR PARTE DE EL\u00a0GRUPO BOL\u00cdVAR S.A?<\/b><\/p>\n<p>El usuario puede deshabilitar tanto la instalaci\u00f3n de las cookies como el uso de las mismas por parte\u00a0del Grupo Bol\u00edvar S.A. Para deshabilitar la instalaci\u00f3n y uso de cookies el usuario deber\u00e1 realizar el\u00a0procedimiento por navegador tal como se indica a continuaci\u00f3n:<\/p>\n<p>Internet Explorer:<\/p>\n<p>Herramientas &gt; Opciones de Internet &gt; Privacidad &gt; Configuraci\u00f3n.<\/p>\n<p>Para m\u00e1s informaci\u00f3n, puede consultar el Soporte de Microsoft o la Ayuda del navegador<\/p>\n<p>Firefox:<\/p>\n<p>Herramientas &gt; Opciones &gt; Privacidad &gt; Historial &gt; Configuraci\u00f3n Personalizada. Para m\u00e1s<\/p>\n<p>informaci\u00f3n, puede consultar el Soporte de Mozilla o la Ayuda del navegador.<\/p>\n<p>Chrome:<\/p>\n<p>Configuraci\u00f3n &gt; Mostrar opciones avanzadas &gt; Privacidad &gt; Configuraci\u00f3n de contenido. Para\u00a0m\u00e1s informaci\u00f3n, puede consultar el Soporte de Google o la Ayuda del navegador. Safari:<\/p>\n<p>Preferencias &gt; Seguridad.<\/p>\n<p>Para m\u00e1s informaci\u00f3n, puede consultar el Soporte de Apple o la Ayuda del navegador.<\/p>\n<p>Los sistemas de opt-out indicados anteriormente pueden conllevar que se instale en su equipo una\u00a0cookie \u00abde rechazo\u00bb para que funcione su elecci\u00f3n de desactivaci\u00f3n.<\/p>\n<p>Adicionalmente, existen otras herramientas de terceros, disponibles on line, que permiten a los\u00a0usuarios detectar las cookies en cada sitio web que visita y gestionar su desactivaci\u00f3n, por ejemplo:<\/p>\n<p>Ghostery:\u00a0<a class=\"external-link\" title=\"Seguir el enlace\" href=\"http:\/\/www.ghostery.com\/faq\" target=\"_blank\" rel=\"nofollow noopener\">http:\/\/www.ghostery.com\/faq<\/a><\/p>\n<p>Vanilla Cookie Manager:\u00a0<a class=\"external-link\" title=\"Seguir el enlace\" href=\"https:\/\/chrome.google.com\/webstore\/detail\/vanilla-cookie-manager\/\" target=\"_blank\" rel=\"nofollow noopener\">https:\/\/chrome.google.com\/webstore\/detail\/vanilla-cookie-manager\/<\/a><\/p>\n<p>&nbsp;<\/p>\n<p><b>5. \u00bfQU\u00c9 OCURRE SI SE DESHABILITAN LAS COOKIES?<\/b><\/p>\n<p>Si el usuario deshabilita la instalaci\u00f3n o el uso de las cookies para los Portales, podr\u00e1 perder o afectar\u00a0algunas funcionalidades del sitio, como por ejemplo:<\/p>\n<p>Poder ingresar a los Portales sin necesidad de indicar en cada ocasi\u00f3n su usuario y contrase\u00f1a, esto le\u00a0ahorrar\u00e1 tiempo y le permitir\u00e1 utilizar funcionalidades como boletines,\u00a0alertas, noticias guardadas, entre otros.<\/p>\n<p>Publicaci\u00f3n de comentarios dentro de los Portales.<\/p>\n<p>Acceso al contenido sin restricci\u00f3n dentro de los Portales.<\/p>\n<p>Seguridad en el uso de la informaci\u00f3n que se ingresa en los portales.<\/p>\n<p>Rapidez en el uso de alg\u00fan servicio dentro de los Portales.<\/p>\n<p>&nbsp;<\/p>\n<p><b>6. \u00bfEL GRUPO BOL\u00cdVAR S.A. COMPARTE LA INFORMACI\u00d3N OBTENIDA A TRAV\u00c9S DE\u00a0LAS COOKIES CON TERCERAS PERSONAS?<\/b><\/p>\n<p>El Grupo Bol\u00edvar S.A. podr\u00e1 compartir informaci\u00f3n obtenida a trav\u00e9s de las cookies con personas\u00a0externas o terceros (aliados, clientes, proveedores o empresas vinculadas al Grupo Bol\u00edvar S.A.), con\u00a0el fin de mejorar la usabilidad y servicios al usuario. As\u00ed mismo, la informaci\u00f3n que se recibe a trav\u00e9s\u00a0de las cookies ser\u00e1 utilizada por El Grupo Bol\u00edvar S.A. y los anteriores terceros, para los fines\u00a0descritos en el presente documento, los indicados en nuestra Pol\u00edtica de privacidad, y cualquiera de\u00a0sus actualizaciones.<\/p>\n<p>&nbsp;<\/p>\n<p><b>7. \u00bfD\u00d3NDE EST\u00c1 ALMACENADA LA INFORMACI\u00d3N OBTENIDA A TRAV\u00c9S DE LAS\u00a0COOKIES?<\/b><\/p>\n<p>El Grupo Bol\u00edvar S.A. podr\u00e1 contratar terceras personas encargadas de almacenar y obtener la\u00a0informaci\u00f3n a trav\u00e9s de las cookies, o que incluyan cookies dentro de los portales del Grupo Bol\u00edvar\u00a0S.A., personas que podr\u00e1n estar localizadas dentro de Colombia o en el exterior. As\u00ed mismo, El Grupo\u00a0Bol\u00edvar S.A. podr\u00e1 entregar a terceros, la informaci\u00f3n que se obtenga de las cookies para crear perfiles\u00a0de usuarios, ofrecer campa\u00f1as personalizadas, sin que lo anterior, implique entrega de informaci\u00f3n\u00a0personal.<\/p>\n<p>&nbsp;<\/p>\n<p>&nbsp;<\/p>\n<h2><a title=\"Seguir el enlace\" name=\"Pol%C3%ADticadetratamientodedatos\"><\/a>Pol\u00edtica de tratamiento de datos<\/h2>\n<p>Al registrarme como miembro de la Comunidad de Innovaci\u00f3n Social del Grupo Bol\u00edvar S.A. &#8211; Social\u00a0Skin y el Premio Social Skin declaro que entiendo y acepto que la Comunidad de Innovaci\u00f3n Social\u00a0del Grupo Bol\u00edvar S.A. &#8211; Social Skin y el Premio Social Skin en adelante (el \u201cPrograma y el premio\u201d)\u00a0del Grupo Bol\u00edvar S.A., sociedad comercial legalmente constituida, identificada con el NIT No.\u00a0830.025448-5, domiciliada en la Avenida el Dorado No. 68 B-31 de la ciudad de Bogot\u00e1, podr\u00e1\u00a0realizar la recolecci\u00f3n, uso, almacenamiento y en general tratamiento de mis datos personales e\u00a0informaci\u00f3n de car\u00e1cter sensible como fotograf\u00edas, voz y videos entre los cuales se incluye la\u00a0informaci\u00f3n relacionada con mi profesi\u00f3n y oficio para las siguientes finalidades:<\/p>\n<ul>\n<li>* Vincularse al Programa y el Premio y formalizar mi inscripci\u00f3n en el mismo.<\/li>\n<li>Ser parte de la Comunidad de Innovaci\u00f3n Social del Grupo Bol\u00edvar S.A. &#8211; Social Skin y del\u00a0Premio Social Skin<\/li>\n<li>Recibir informaci\u00f3n sobre las actividades desarrolladas por el Programa y el Premio<\/li>\n<li>Participar en actividades desarrolladas por el Programa y el Premio del Grupo Bol\u00edvar S.A, en\u00a0alianza o en coordinaci\u00f3n con instituciones del Estado, sociedad civil, sector educativo y\u00a0privado, fundaciones u organizaciones sociales.<\/li>\n<li>Realizar an\u00e1lisis de intereses y preferencias, buscando ofrecer o desarrollar programas,\u00a0proyectos y actividades que se ajusten a las necesidades de las personas.<\/li>\n<li>Evaluar, mantener, mejorar y profundizar en el impacto y evoluci\u00f3n del Programa y el Premio\u00a0del Grupo Bol\u00edvar S.A.<\/li>\n<li>Suministrar informaci\u00f3n sobre actividades, eventos, novedades, comunicaci\u00f3n y publicidad\u00a0relacionada con el Programa y el Premio del Grupo Bol\u00edvar S.A.<\/li>\n<li>Divulgar las actividades del Programa y el Premio del Grupo Bol\u00edvar S.A. en diferentes\u00a0medios de comunicaci\u00f3n abierta o cerrada como: programas televisivos o radiales, p\u00e1ginas\u00a0web, streaming, redes sociales, plataformas de intercambio de videos y\/o material editorial o\u00a0publicitario elaborado por el Programa y el Premio del Grupo Bol\u00edvar S.A.<\/li>\n<li>Mantener mis datos personales de contacto, incluso una vez finalizada mi participaci\u00f3n en el\u00a0Programa, para remitirle informaci\u00f3n sobre nuevas convocatorias.<\/li>\n<li>Ser parte de la Comunidad de Innovaci\u00f3n Social del Grupo Bol\u00edvar S.A. &#8211; Social Skin Recibir\u00a0informaci\u00f3n sobre las actividades desarrolladas por la Comunidad de Innovaci\u00f3n Social del\u00a0Grupo Bol\u00edvar S.A. &#8211; Social Skin y el Premio Social Skin.<\/li>\n<li>Participar en actividades desarrolladas por el Programa y el Premio de Innovaci\u00f3n Social del\u00a0Grupo Bol\u00edvar S.A. \u00abSocialskin\u00bb en alianza o en coordinaci\u00f3n con instituciones del Estado,\u00a0sociedad civil, sector educativo y privado, fundaciones u organizaciones sociales.<\/li>\n<li>Realizar an\u00e1lisis de intereses y preferencias, buscando ofrecer o desarrollar programas,\u00a0proyectos y actividades que se ajusten a las necesidades de las personas.<\/li>\n<li>Evaluar, mantener, mejorar y profundizar en el impacto y evoluci\u00f3n del Programa y el Premio\u00a0de Innovaci\u00f3n Social del Grupo Bol\u00edvar \u00abSocialskin\u00bb. Suministrar informaci\u00f3n sobre\u00a0actividades, eventos, novedades, comunicaci\u00f3n y publicidad relacionada con el Programa y el\u00a0Premio de Innovaci\u00f3n Social del Grupo Bol\u00edvar S.A. \u201cSocialskin\u201d.<\/li>\n<li>Divulgar las actividades del Programa y el Premio de Innovaci\u00f3n Social del Grupo Bol\u00edvar\u00a0S.A. \u00abSocialskin\u00bb en diferentes medios de comunicaci\u00f3n abierta o cerrada como: programas\u00a0televisivos o radiales, p\u00e1ginas web, streaming, redes sociales, plataformas de intercambio de\u00a0videos y\/o material editorial o publicitario elaborado por el Programa y el Premio de\u00a0Innovaci\u00f3n Social del Grupo Bol\u00edvar S.A. \u00abSocialskin\u00bb.<\/li>\n<\/ul>\n<p>&nbsp;<\/p>\n<p>Todo lo anterior a trav\u00e9s del env\u00edo de mensajes cortos de texto (SMS), mensajes de multimedia\u00a0(MMS), correo electr\u00f3nico, tel\u00e9fono celular, tel\u00e9fono fijo, fax, correo f\u00edsico y redes sociales o medios\u00a0similares cerrados o abiertos.<\/p>\n<p>En relaci\u00f3n con los datos personales que puedan ser considerados sensibles, entiendo que no me\u00a0encuentro obligado a autorizar su tratamiento, y que el suministro de dichos datos es facultativo. Sin\u00a0perjuicio de lo anterior, al aceptar este texto de autorizaci\u00f3n, autorizo al Grupo Bol\u00edvar S.A. para que\u00a0utilice dichos datos con las finalidades exclusiva de divulgaci\u00f3n delPrograma y el Premio,\u00a0identificaci\u00f3n m\u00eda como parte de uno de los equipos participantes en la convocatoria en que participe.<\/p>\n<p>En el caso de im\u00e1genes, videos y voz las mismas se podr\u00e1n utilizar seg\u00fan los t\u00e9rminos establecidos en\u00a0los T\u00e9rminos y Condiciones del Programa y el Premio.<\/p>\n<p>En los casos donde el beneficiario o titular de los datos es menor de edad, quien diligencia este\u00a0formulario declara que act\u00faa en calidad de representante legal del menor y que tiene las facultades\u00a0para otorgar la autorizaci\u00f3n en los t\u00e9rminos indicados en este texto.<\/p>\n<p>Entiendo que esa informaci\u00f3n ser\u00e1 utilizada por Grupo Bol\u00edvar S.A. con total respeto a los derechos\u00a0de los Titulares, y por lo tanto al aceptar este texto autorizo de manera expl\u00edcita su Tratamiento.<\/p>\n<p>En el caso de haber incluido terceras personas para que puedan participar en el Programa y el Premio\u00a0de Innovaci\u00f3n Social del Grupo Bol\u00edvar \u201cSocialskin\u201d, entiendo que los datos suministrados son los\u00a0m\u00ednimos necesarios para participar en la convocatoria, y as\u00ed poder obtener los beneficios del programa\u00a0al que se haya postulado.<\/p>\n<p>As\u00ed mismo, autorizo al Programa del Grupo Bol\u00edvar S.A. a compartir mi informaci\u00f3n personal con las\u00a0empresas del Grupo Empresarial Bol\u00edvar, cuyo listado est\u00e1 disponible en la p\u00e1gina web\u00a0www.grupobolivar.com , opci\u00f3n \u00ab\u00bbNuestras Compa\u00f1\u00edas\u00bb\u00bb, con el prop\u00f3sito de que me hagan part\u00edcipe\u00a0de sus actividades sociales, culturales y\/o empresariales a trav\u00e9s de los medios de comunicaci\u00f3n ya\u00a0enunciados.<\/p>\n<p>Son derechos del Titular del Dato: acceso, actualizaci\u00f3n, rectificaci\u00f3n y supresi\u00f3n. Los canales de\u00a0consultas y reclamos son:\u00a0<img decoding=\"async\" loading=\"lazy\" class=\"emoticon\" src=\"https:\/\/jira.segurosbolivar.com\/images\/icons\/emoticons\/information.png\" alt=\"\" width=\"16\" height=\"16\" align=\"absmiddle\" border=\"0\" \/>\u00a0correo electr\u00f3nico: gobierno.corporativo@grupobolivar.com; y, (ii)\u00a0direcci\u00f3n f\u00edsica: la arriba indicada.<\/p>\n<p>Entiendo que podr\u00e9 conocer las pol\u00edticas de tratamiento de datos de Grupo Bol\u00edvar S.A. en\u00a0www.grupobolivar.com o {*}desc\u00e1rguelas aqu\u00ed.<\/p>\n<div class=\"notranslate\" style=\"all: initial;\"><\/div>\n","protected":false},"excerpt":{"rendered":"<p>Pol\u00edtica de privacidad 1. \u00bfQU\u00c9 SON Y QUE NO SON LAS COOKIES\/DATOS DE NAVEGACI\u00d3N? Las cookies\/datos de navegaci\u00f3n son peque\u00f1os archivos de informaci\u00f3n o fragmentos de texto\u00a0enviados por un Portal o Aplicaci\u00f3n tecnol\u00f3gica de propiedad de El Grupo Bol\u00edvar S.A. o alguna de\u00a0sus sociedades controladas o que se encuentren bajo el mismo nivel de control [&hellip;]<\/p>\n","protected":false},"author":2353,"featured_media":0,"parent":0,"menu_order":0,"comment_status":"closed","ping_status":"closed","template":"page-fullwidth.php","meta":{"inline_featured_image":false},"yoast_head":"<!-- This site is optimized with the Yoast SEO plugin v20.5 - https:\/\/yoast.com\/wordpress\/plugins\/seo\/ -->\n<title>Pol\u00edtica de Privacidad y Tratamiento de datos - Comunidad<\/title>\n<meta name=\"robots\" content=\"noindex, follow, max-snippet:-1, max-image-preview:large, max-video-preview:-1\" \/>\n<meta property=\"og:locale\" content=\"es_ES\" \/>\n<meta property=\"og:type\" content=\"article\" \/>\n<meta property=\"og:title\" content=\"Pol\u00edtica de Privacidad y Tratamiento de datos - Comunidad\" \/>\n<meta property=\"og:description\" content=\"Pol\u00edtica de privacidad 1. \u00bfQU\u00c9 SON Y QUE NO SON LAS COOKIES\/DATOS DE NAVEGACI\u00d3N? Las cookies\/datos de navegaci\u00f3n son peque\u00f1os archivos de informaci\u00f3n o fragmentos de texto\u00a0enviados por un Portal o Aplicaci\u00f3n tecnol\u00f3gica de propiedad de El Grupo Bol\u00edvar S.A. o alguna de\u00a0sus sociedades controladas o que se encuentren bajo el mismo nivel de control [&hellip;]\" \/>\n<meta property=\"og:url\" content=\"https:\/\/socialskin.com\/comunidad\/politica-de-privacidad-y-tratamiento-de-datos\/\" \/>\n<meta property=\"og:site_name\" content=\"Comunidad\" \/>\n<meta property=\"article:modified_time\" content=\"2022-08-03T16:08:05+00:00\" \/>\n<meta property=\"og:image\" content=\"https:\/\/jira.segurosbolivar.com\/images\/icons\/emoticons\/information.png\" \/>\n<meta name=\"twitter:card\" content=\"summary_large_image\" \/>\n<meta name=\"twitter:label1\" content=\"Tiempo de lectura\" \/>\n\t<meta name=\"twitter:data1\" content=\"8 minutos\" \/>\n<script type=\"application\/ld+json\" class=\"yoast-schema-graph\">{\"@context\":\"https:\/\/schema.org\",\"@graph\":[{\"@type\":\"WebPage\",\"@id\":\"https:\/\/socialskin.com\/comunidad\/politica-de-privacidad-y-tratamiento-de-datos\/\",\"url\":\"https:\/\/socialskin.com\/comunidad\/politica-de-privacidad-y-tratamiento-de-datos\/\",\"name\":\"Pol\u00edtica de Privacidad y Tratamiento de datos - Comunidad\",\"isPartOf\":{\"@id\":\"https:\/\/socialskin.com\/comunidad\/#website\"},\"datePublished\":\"2021-04-08T02:33:50+00:00\",\"dateModified\":\"2022-08-03T16:08:05+00:00\",\"breadcrumb\":{\"@id\":\"https:\/\/socialskin.com\/comunidad\/politica-de-privacidad-y-tratamiento-de-datos\/#breadcrumb\"},\"inLanguage\":\"es\",\"potentialAction\":[{\"@type\":\"ReadAction\",\"target\":[\"https:\/\/socialskin.com\/comunidad\/politica-de-privacidad-y-tratamiento-de-datos\/\"]}]},{\"@type\":\"BreadcrumbList\",\"@id\":\"https:\/\/socialskin.com\/comunidad\/politica-de-privacidad-y-tratamiento-de-datos\/#breadcrumb\",\"itemListElement\":[{\"@type\":\"ListItem\",\"position\":1,\"name\":\"Inicio\",\"item\":\"https:\/\/socialskin.com\/comunidad\/\"},{\"@type\":\"ListItem\",\"position\":2,\"name\":\"Pol\u00edtica de Privacidad y Tratamiento de datos\"}]},{\"@type\":\"WebSite\",\"@id\":\"https:\/\/socialskin.com\/comunidad\/#website\",\"url\":\"https:\/\/socialskin.com\/comunidad\/\",\"name\":\"Comunidad\",\"description\":\"Otro sitio realizado con WordPress\",\"publisher\":{\"@id\":\"https:\/\/socialskin.com\/comunidad\/#organization\"},\"potentialAction\":[{\"@type\":\"SearchAction\",\"target\":{\"@type\":\"EntryPoint\",\"urlTemplate\":\"https:\/\/socialskin.com\/comunidad\/?s={search_term_string}\"},\"query-input\":\"required name=search_term_string\"}],\"inLanguage\":\"es\"},{\"@type\":\"Organization\",\"@id\":\"https:\/\/socialskin.com\/comunidad\/#organization\",\"name\":\"Social Skin - Comunidad\",\"url\":\"https:\/\/socialskin.com\/comunidad\/\",\"logo\":{\"@type\":\"ImageObject\",\"inLanguage\":\"es\",\"@id\":\"https:\/\/socialskin.com\/comunidad\/#\/schema\/logo\/image\/\",\"url\":\"https:\/\/di0sglc4ew7ue.cloudfront.net\/comunidad\/wp-content\/uploads\/2021\/04\/09204156\/logo_comunidades.png\",\"contentUrl\":\"https:\/\/di0sglc4ew7ue.cloudfront.net\/comunidad\/wp-content\/uploads\/2021\/04\/09204156\/logo_comunidades.png\",\"width\":165,\"height\":59,\"caption\":\"Social Skin - Comunidad\"},\"image\":{\"@id\":\"https:\/\/socialskin.com\/comunidad\/#\/schema\/logo\/image\/\"}}]}<\/script>\n<!-- \/ Yoast SEO plugin. -->","yoast_head_json":{"title":"Pol\u00edtica de Privacidad y Tratamiento de datos - Comunidad","robots":{"index":"noindex","follow":"follow","max-snippet":"max-snippet:-1","max-image-preview":"max-image-preview:large","max-video-preview":"max-video-preview:-1"},"og_locale":"es_ES","og_type":"article","og_title":"Pol\u00edtica de Privacidad y Tratamiento de datos - Comunidad","og_description":"Pol\u00edtica de privacidad 1. \u00bfQU\u00c9 SON Y QUE NO SON LAS COOKIES\/DATOS DE NAVEGACI\u00d3N? Las cookies\/datos de navegaci\u00f3n son peque\u00f1os archivos de informaci\u00f3n o fragmentos de texto\u00a0enviados por un Portal o Aplicaci\u00f3n tecnol\u00f3gica de propiedad de El Grupo Bol\u00edvar S.A. o alguna de\u00a0sus sociedades controladas o que se encuentren bajo el mismo nivel de control [&hellip;]","og_url":"https:\/\/socialskin.com\/comunidad\/politica-de-privacidad-y-tratamiento-de-datos\/","og_site_name":"Comunidad","article_modified_time":"2022-08-03T16:08:05+00:00","og_image":[{"url":"https:\/\/jira.segurosbolivar.com\/images\/icons\/emoticons\/information.png"}],"twitter_card":"summary_large_image","twitter_misc":{"Tiempo de lectura":"8 minutos"},"schema":{"@context":"https:\/\/schema.org","@graph":[{"@type":"WebPage","@id":"https:\/\/socialskin.com\/comunidad\/politica-de-privacidad-y-tratamiento-de-datos\/","url":"https:\/\/socialskin.com\/comunidad\/politica-de-privacidad-y-tratamiento-de-datos\/","name":"Pol\u00edtica de Privacidad y Tratamiento de datos - Comunidad","isPartOf":{"@id":"https:\/\/socialskin.com\/comunidad\/#website"},"datePublished":"2021-04-08T02:33:50+00:00","dateModified":"2022-08-03T16:08:05+00:00","breadcrumb":{"@id":"https:\/\/socialskin.com\/comunidad\/politica-de-privacidad-y-tratamiento-de-datos\/#breadcrumb"},"inLanguage":"es","potentialAction":[{"@type":"ReadAction","target":["https:\/\/socialskin.com\/comunidad\/politica-de-privacidad-y-tratamiento-de-datos\/"]}]},{"@type":"BreadcrumbList","@id":"https:\/\/socialskin.com\/comunidad\/politica-de-privacidad-y-tratamiento-de-datos\/#breadcrumb","itemListElement":[{"@type":"ListItem","position":1,"name":"Inicio","item":"https:\/\/socialskin.com\/comunidad\/"},{"@type":"ListItem","position":2,"name":"Pol\u00edtica de Privacidad y Tratamiento de datos"}]},{"@type":"WebSite","@id":"https:\/\/socialskin.com\/comunidad\/#website","url":"https:\/\/socialskin.com\/comunidad\/","name":"Comunidad","description":"Otro sitio realizado con WordPress","publisher":{"@id":"https:\/\/socialskin.com\/comunidad\/#organization"},"potentialAction":[{"@type":"SearchAction","target":{"@type":"EntryPoint","urlTemplate":"https:\/\/socialskin.com\/comunidad\/?s={search_term_string}"},"query-input":"required name=search_term_string"}],"inLanguage":"es"},{"@type":"Organization","@id":"https:\/\/socialskin.com\/comunidad\/#organization","name":"Social Skin - Comunidad","url":"https:\/\/socialskin.com\/comunidad\/","logo":{"@type":"ImageObject","inLanguage":"es","@id":"https:\/\/socialskin.com\/comunidad\/#\/schema\/logo\/image\/","url":"https:\/\/di0sglc4ew7ue.cloudfront.net\/comunidad\/wp-content\/uploads\/2021\/04\/09204156\/logo_comunidades.png","contentUrl":"https:\/\/di0sglc4ew7ue.cloudfront.net\/comunidad\/wp-content\/uploads\/2021\/04\/09204156\/logo_comunidades.png","width":165,"height":59,"caption":"Social Skin - Comunidad"},"image":{"@id":"https:\/\/socialskin.com\/comunidad\/#\/schema\/logo\/image\/"}}]}},"_links":{"self":[{"href":"https:\/\/socialskin.com\/comunidad\/wp-json\/wp\/v2\/pages\/87"}],"collection":[{"href":"https:\/\/socialskin.com\/comunidad\/wp-json\/wp\/v2\/pages"}],"about":[{"href":"https:\/\/socialskin.com\/comunidad\/wp-json\/wp\/v2\/types\/page"}],"author":[{"embeddable":true,"href":"https:\/\/socialskin.com\/comunidad\/wp-json\/wp\/v2\/users\/2353"}],"replies":[{"embeddable":true,"href":"https:\/\/socialskin.com\/comunidad\/wp-json\/wp\/v2\/comments?post=87"}],"version-history":[{"count":6,"href":"https:\/\/socialskin.com\/comunidad\/wp-json\/wp\/v2\/pages\/87\/revisions"}],"predecessor-version":[{"id":9965,"href":"https:\/\/socialskin.com\/comunidad\/wp-json\/wp\/v2\/pages\/87\/revisions\/9965"}],"wp:attachment":[{"href":"https:\/\/socialskin.com\/comunidad\/wp-json\/wp\/v2\/media?parent=87"}],"curies":[{"name":"wp","href":"https:\/\/api.w.org\/{rel}","templated":true}]}}