{"id":8,"date":"2021-02-26T17:07:14","date_gmt":"2021-02-26T22:07:14","guid":{"rendered":"http:\/\/dev-comunidades.socialskin.com\/password-recover\/"},"modified":"2022-02-22T13:31:18","modified_gmt":"2022-02-22T18:31:18","slug":"olvido-la-contrasena","status":"publish","type":"page","link":"https:\/\/socialskin.com\/comunidad\/olvido-la-contrasena\/","title":{"rendered":"Olvid\u00f3 la contrase\u00f1a"},"content":{"rendered":"<div id=\"peepso-wrap\" class=\"container-fluid\"><div class=\"peepso\">\n  <div class=\"ps-page ps-page--register ps-page--register-recover\">\n    <h2>\u00bfOlvidaste tu contrase\u00f1a?<\/h2>\n    <p>Por favor introduce el correo electr\u00f3nico asociado a la cuenta, para recibir el enlace que te permitir\u00e1 restablecer la contrase\u00f1a.<\/p>\n        <div class=\"psf-register \">\n      <form id=\"recoverpasswordform\" name=\"recoverpasswordform\" action=\"?submit\" method=\"post\" class=\"ps-form ps-form--register ps-form--register-recover\">\n          <input type=\"hidden\" name=\"task\" value=\"-recover-password\" \/>\n          <input type=\"hidden\" name=\"-form-id\" value=\"9de5d9b2f2\" \/>\n          <div class=\"ps-form__grid\">\n              <div class=\"ps-form__row\">\n                  <label for=\"email\" class=\"ps-form__label\">Correo electr\u00f3nico *                  <\/label>\n                  <div class=\"ps-form__field\">\n                      <input class=\"ps-input\" type=\"email\" name=\"email\" style=\"opacity: 0.5;\" placeholder=\"Digite correo electr\u00f3nico\" \/>\n                  <\/div>\n              <\/div>\n              <div class=\"ps-form__row ps-form__row--submit\">\n                <a class=\"btn btn_border_orange\" href=\"https:\/\/socialskin.com\/comunidad\/\">Regresar a inicio<\/a>\n                                <input type=\"submit\" name=\"submit-recover\"\n                  class=\"btn bg_orange ps-btn ps-btn--action \"\n                  value=\"Enviar\"\n                   \/>\n              <\/div>\n          <\/div>\n      <\/form>\n    <\/div>\n  <\/div>\n<\/div>\n<\/div>\n","protected":false},"excerpt":{"rendered":"","protected":false},"author":2353,"featured_media":0,"parent":0,"menu_order":0,"comment_status":"closed","ping_status":"closed","template":"page-full.php","meta":{"inline_featured_image":false},"yoast_head":"<!-- This site is optimized with the Yoast SEO plugin v20.5 - https:\/\/yoast.com\/wordpress\/plugins\/seo\/ -->\n<title>Olvid\u00f3 la contrase\u00f1a - Comunidad<\/title>\n<meta name=\"robots\" content=\"noindex, follow, max-snippet:-1, max-image-preview:large, max-video-preview:-1\" \/>\n<meta property=\"og:locale\" content=\"es_ES\" \/>\n<meta property=\"og:type\" content=\"article\" \/>\n<meta property=\"og:title\" content=\"Olvid\u00f3 la contrase\u00f1a - Comunidad\" \/>\n<meta property=\"og:url\" content=\"https:\/\/socialskin.com\/comunidad\/olvido-la-contrasena\/\" \/>\n<meta property=\"og:site_name\" content=\"Comunidad\" \/>\n<meta property=\"article:modified_time\" content=\"2022-02-22T18:31:18+00:00\" \/>\n<meta name=\"twitter:card\" content=\"summary_large_image\" \/>\n<script type=\"application\/ld+json\" class=\"yoast-schema-graph\">{\"@context\":\"https:\/\/schema.org\",\"@graph\":[{\"@type\":\"WebPage\",\"@id\":\"https:\/\/socialskin.com\/comunidad\/olvido-la-contrasena\/\",\"url\":\"https:\/\/socialskin.com\/comunidad\/olvido-la-contrasena\/\",\"name\":\"Olvid\u00f3 la contrase\u00f1a - Comunidad\",\"isPartOf\":{\"@id\":\"https:\/\/socialskin.com\/comunidad\/#website\"},\"datePublished\":\"2021-02-26T22:07:14+00:00\",\"dateModified\":\"2022-02-22T18:31:18+00:00\",\"breadcrumb\":{\"@id\":\"https:\/\/socialskin.com\/comunidad\/olvido-la-contrasena\/#breadcrumb\"},\"inLanguage\":\"es\",\"potentialAction\":[{\"@type\":\"ReadAction\",\"target\":[\"https:\/\/socialskin.com\/comunidad\/olvido-la-contrasena\/\"]}]},{\"@type\":\"BreadcrumbList\",\"@id\":\"https:\/\/socialskin.com\/comunidad\/olvido-la-contrasena\/#breadcrumb\",\"itemListElement\":[{\"@type\":\"ListItem\",\"position\":1,\"name\":\"Inicio\",\"item\":\"https:\/\/socialskin.com\/comunidad\/\"},{\"@type\":\"ListItem\",\"position\":2,\"name\":\"Olvid\u00f3 la contrase\u00f1a\"}]},{\"@type\":\"WebSite\",\"@id\":\"https:\/\/socialskin.com\/comunidad\/#website\",\"url\":\"https:\/\/socialskin.com\/comunidad\/\",\"name\":\"Comunidad\",\"description\":\"Otro sitio realizado con WordPress\",\"publisher\":{\"@id\":\"https:\/\/socialskin.com\/comunidad\/#organization\"},\"potentialAction\":[{\"@type\":\"SearchAction\",\"target\":{\"@type\":\"EntryPoint\",\"urlTemplate\":\"https:\/\/socialskin.com\/comunidad\/?s={search_term_string}\"},\"query-input\":\"required name=search_term_string\"}],\"inLanguage\":\"es\"},{\"@type\":\"Organization\",\"@id\":\"https:\/\/socialskin.com\/comunidad\/#organization\",\"name\":\"Social Skin - Comunidad\",\"url\":\"https:\/\/socialskin.com\/comunidad\/\",\"logo\":{\"@type\":\"ImageObject\",\"inLanguage\":\"es\",\"@id\":\"https:\/\/socialskin.com\/comunidad\/#\/schema\/logo\/image\/\",\"url\":\"https:\/\/di0sglc4ew7ue.cloudfront.net\/comunidad\/wp-content\/uploads\/2021\/04\/09204156\/logo_comunidades.png\",\"contentUrl\":\"https:\/\/di0sglc4ew7ue.cloudfront.net\/comunidad\/wp-content\/uploads\/2021\/04\/09204156\/logo_comunidades.png\",\"width\":165,\"height\":59,\"caption\":\"Social Skin - Comunidad\"},\"image\":{\"@id\":\"https:\/\/socialskin.com\/comunidad\/#\/schema\/logo\/image\/\"}}]}<\/script>\n<!-- \/ Yoast SEO plugin. -->","yoast_head_json":{"title":"Olvid\u00f3 la contrase\u00f1a - Comunidad","robots":{"index":"noindex","follow":"follow","max-snippet":"max-snippet:-1","max-image-preview":"max-image-preview:large","max-video-preview":"max-video-preview:-1"},"og_locale":"es_ES","og_type":"article","og_title":"Olvid\u00f3 la contrase\u00f1a - Comunidad","og_url":"https:\/\/socialskin.com\/comunidad\/olvido-la-contrasena\/","og_site_name":"Comunidad","article_modified_time":"2022-02-22T18:31:18+00:00","twitter_card":"summary_large_image","schema":{"@context":"https:\/\/schema.org","@graph":[{"@type":"WebPage","@id":"https:\/\/socialskin.com\/comunidad\/olvido-la-contrasena\/","url":"https:\/\/socialskin.com\/comunidad\/olvido-la-contrasena\/","name":"Olvid\u00f3 la contrase\u00f1a - Comunidad","isPartOf":{"@id":"https:\/\/socialskin.com\/comunidad\/#website"},"datePublished":"2021-02-26T22:07:14+00:00","dateModified":"2022-02-22T18:31:18+00:00","breadcrumb":{"@id":"https:\/\/socialskin.com\/comunidad\/olvido-la-contrasena\/#breadcrumb"},"inLanguage":"es","potentialAction":[{"@type":"ReadAction","target":["https:\/\/socialskin.com\/comunidad\/olvido-la-contrasena\/"]}]},{"@type":"BreadcrumbList","@id":"https:\/\/socialskin.com\/comunidad\/olvido-la-contrasena\/#breadcrumb","itemListElement":[{"@type":"ListItem","position":1,"name":"Inicio","item":"https:\/\/socialskin.com\/comunidad\/"},{"@type":"ListItem","position":2,"name":"Olvid\u00f3 la contrase\u00f1a"}]},{"@type":"WebSite","@id":"https:\/\/socialskin.com\/comunidad\/#website","url":"https:\/\/socialskin.com\/comunidad\/","name":"Comunidad","description":"Otro sitio realizado con WordPress","publisher":{"@id":"https:\/\/socialskin.com\/comunidad\/#organization"},"potentialAction":[{"@type":"SearchAction","target":{"@type":"EntryPoint","urlTemplate":"https:\/\/socialskin.com\/comunidad\/?s={search_term_string}"},"query-input":"required name=search_term_string"}],"inLanguage":"es"},{"@type":"Organization","@id":"https:\/\/socialskin.com\/comunidad\/#organization","name":"Social Skin - Comunidad","url":"https:\/\/socialskin.com\/comunidad\/","logo":{"@type":"ImageObject","inLanguage":"es","@id":"https:\/\/socialskin.com\/comunidad\/#\/schema\/logo\/image\/","url":"https:\/\/di0sglc4ew7ue.cloudfront.net\/comunidad\/wp-content\/uploads\/2021\/04\/09204156\/logo_comunidades.png","contentUrl":"https:\/\/di0sglc4ew7ue.cloudfront.net\/comunidad\/wp-content\/uploads\/2021\/04\/09204156\/logo_comunidades.png","width":165,"height":59,"caption":"Social Skin - Comunidad"},"image":{"@id":"https:\/\/socialskin.com\/comunidad\/#\/schema\/logo\/image\/"}}]}},"_links":{"self":[{"href":"https:\/\/socialskin.com\/comunidad\/wp-json\/wp\/v2\/pages\/8"}],"collection":[{"href":"https:\/\/socialskin.com\/comunidad\/wp-json\/wp\/v2\/pages"}],"about":[{"href":"https:\/\/socialskin.com\/comunidad\/wp-json\/wp\/v2\/types\/page"}],"author":[{"embeddable":true,"href":"https:\/\/socialskin.com\/comunidad\/wp-json\/wp\/v2\/users\/2353"}],"replies":[{"embeddable":true,"href":"https:\/\/socialskin.com\/comunidad\/wp-json\/wp\/v2\/comments?post=8"}],"version-history":[{"count":0,"href":"https:\/\/socialskin.com\/comunidad\/wp-json\/wp\/v2\/pages\/8\/revisions"}],"wp:attachment":[{"href":"https:\/\/socialskin.com\/comunidad\/wp-json\/wp\/v2\/media?parent=8"}],"curies":[{"name":"wp","href":"https:\/\/api.w.org\/{rel}","templated":true}]}}