{"id":5,"date":"2021-02-26T17:07:14","date_gmt":"2021-02-26T17:07:14","guid":{"rendered":"http:\/\/dev-comunidades.socialskin.com\/activity\/"},"modified":"2021-02-26T17:07:14","modified_gmt":"2021-02-26T17:07:14","slug":"activity","status":"publish","type":"page","link":"https:\/\/socialskin.com\/comunidad\/activity\/","title":{"rendered":"Actividad reciente"},"content":{"rendered":"<div id=\"peepso-wrap\" class=\"container-fluid\">\n<div class=\"peepso\">\n    <div class=\"ps-page ps-page--activity\">\n        \n        \n\n\n    \n        \n        \n        <!-- PeepSo Activity -->\n        <div class=\"ps-activity\">\n            <!-- PeepSo Postbox -->\n                        <!-- end: PeepSo Postbox -->\n\n            <!-- PeepSo Activity Filters -->\n                        <!-- end: PeepSo Activity Filters -->\n\n            <!-- PeepSo Activity Posts -->\n            <div class=\"ps-activity__container\">\n                <div id=\"ps-activitystream-recent\" class=\"ps-posts \" style=\"display:none\"><\/div>\n                <div id=\"ps-activitystream\" class=\"ps-posts \" style=\"display:none\"><\/div>\n                                <div id=\"ps-activitystream-loading\" class=\"ps-posts__loading\">\n                    <div class=\"ps-post ps-post--placeholder\">\n  <div class=\"ps-post__placeholder\">\n    <div class=\"ps-post__placeholder-mask ps-post__placeholder-mask--ht\"><\/div>\n    <div class=\"ps-post__placeholder-mask ps-post__placeholder-mask--hl\"><\/div>\n    <div class=\"ps-post__placeholder-mask ps-post__placeholder-mask--hr\"><\/div>\n    <div class=\"ps-post__placeholder-mask ps-post__placeholder-mask--hb\"><\/div>\n    <div class=\"ps-post__placeholder-mask ps-post__placeholder-mask--shl\"><\/div>\n    <div class=\"ps-post__placeholder-mask ps-post__placeholder-mask--shr\"><\/div>\n    <div class=\"ps-post__placeholder-mask ps-post__placeholder-mask--shb\"><\/div>\n    <div class=\"ps-post__placeholder-mask ps-post__placeholder-mask--ct\"><\/div>\n    <div class=\"ps-post__placeholder-mask ps-post__placeholder-mask--cfe\"><\/div>\n    <div class=\"ps-post__placeholder-mask ps-post__placeholder-mask--csl\"><\/div>\n    <div class=\"ps-post__placeholder-mask ps-post__placeholder-mask--cse\"><\/div>\n    <div class=\"ps-post__placeholder-mask ps-post__placeholder-mask--ctl\"><\/div>\n    <div class=\"ps-post__placeholder-mask ps-post__placeholder-mask--cte\"><\/div>\n  <\/div>\n<\/div>\n                <\/div>\n\n                <div id=\"ps-no-posts\" class=\"ps-posts__empty\">No se encontraron actividades.<\/div>\n                <div id=\"ps-no-posts-match\" class=\"ps-posts__empty\">No se encontraron actividades.<\/div>\n                <div id=\"ps-no-more-posts\" class=\"ps-posts__empty\">Nada m\u00e1s para mostrar.<\/div>\n\n                <noscript>\n<div class=\"alert alert-error pstd-important\">\n\t<span style=\"color: #ff0000;\">Please Note:<\/span> this website requires the use of Javascript\n\tfor proper operation. Please enable Javascript in order to experience the full capabilities\n\tof the application.\n\tThank you!\n<\/div>\n<\/noscript>\n<div id=\"ps-dialogs\" style=\"display:none\">\n\t<div id=\"ajax-loader-gif\" style=\"display:none;\">\n\t\t<div class=\"ps-loading-image\">\n\t\t\t<img src=\"https:\/\/socialskin.com\/comunidad\/wp-content\/plugins\/peepso-core\/assets\/images\/ajax-loader.gif\" alt=\"\">\n\t\t\t<div> <\/div>\n\t\t<\/div>\n\t<\/div>\n\t<div id=\"ps-dialog-comment\">\n\t\t<div data-type=\"stream-newcomment\" class=\"cstream-form stream-form wallform \" data-formblock=\"true\" style=\"display: block;\">\n\t\t\t<form class=\"reset-gap\">\n\t\t\t\t<div class=\"cstream-form-submit\">\n\t\t\t\t\t<a href=\"#\" data-action=\"cancel\" onclick=\"return activity.comment_cancel(); return false;\" class=\"ps-btn ps-btn-small cstream-form-cancel\">Cancelar<\/a>\n\t\t\t\t\t<button data-action=\"save\" onclick=\"return activity.comment_save();\" class=\"ps-btn ps-btn-small ps-btn-primary\">Enviar comentario<\/button>\n\t\t\t\t<\/div>\n\t\t\t<\/form>\n\t\t<\/div>\n\t<\/div>\n\n\t<div id=\"ps-report-dialog\">\n\t\t<div id=\"activity-report-title\">Reportar contenido a la administraci\u00f3n<\/div>\n\t\t<div id=\"activity-report-content\">\n\t\t\t<div id=\"postbox-report-popup\">\n\t\t\t\t<div>Motivo de reporte:<\/div>\n\t\t\t\t<div class=\"ps-text--danger\"><select class=\"ps-input ps-input--sm ps-input--select ps-js-report-type\">\n<option value=\"\">-seleccionar el motivo-<\/option>\n<option value=\"Spam\" data-need-reason=\"1\">Spam<\/option><option value=\"Anuncio publicitario\" data-need-reason=\"1\">Anuncio publicitario<\/option><option value=\"Blasfemia\" data-need-reason=\"1\">Blasfemia<\/option><option value=\"Contenido inapropiado\/abusivo\" data-need-reason=\"1\">Contenido inapropiado\/abusivo<\/option><option value=\"Other\" data-need-reason=\"1\">Otros<\/option><\/select>\n<div class=\"ps-js-report-desc\"><textarea class=\"ps-input ps-input--textarea\" maxlength=\"250\" placeholder=\"Descripci\u00f3n del informe...\"><\/textarea><div class=\"ps-form__chars-count ps-js-counter\"><\/div><\/div><div class=\"ps-alert ps-alert--abort ps-js-report-error\" style=\"display:none\"><\/div><\/div>\n\t\t\t\t<div class=\"ps-alert\" style=\"display:none\"><\/div>\n\t\t\t\t<input type=\"hidden\" id=\"postbox-post-id\" name=\"post_id\" value=\"{post-id}\" \/>\n\t\t\t<\/div>\n\t\t<\/div>\n\t\t<div id=\"activity-report-actions\">\n\t\t\t<button type=\"button\" name=\"rep_cacel\" class=\"ps-btn ps-btn-small ps-button-cancel\" onclick=\"pswindow.hide(); return false;\">Cancelar<\/button>\n\t\t\t<button type=\"button\" name=\"rep_submit\" class=\"ps-btn ps-btn-small ps-button-action\" onclick=\"activity.submit_report(); return false;\">Enviar Reporte<\/button>\n\t\t<\/div>\n\t<\/div>\n\n\t<span id=\"report-error-select-reason\">ERROR: Por favor seleccione el motivo para reportar.<\/span>\n\t<span id=\"report-error-empty-reason\">ERROR: Por favor, especifica el Motivo del informe.<\/span>\n\n\t<div id=\"ps-share-dialog\">\n\t\t<div id=\"share-dialog-title\">Compartir\u2026<\/div>\n\t\t<div id=\"share-dialog-content\">\n\t\t\t<div class=\"ps-sharebox\">\n<a class=\"ps-sharebox__item \" href=\"https:\/\/www.facebook.com\/sharer.php?u=--peepso-url--\" target=\"_blank\">\n<span class=\"ps-sharebox__icon ps-icon--social ps-icon--social-facebook\">Facebook<\/span>\n<\/a>\n<a class=\"ps-sharebox__item \" href=\"https:\/\/twitter.com\/share?url=--peepso-url--\" target=\"_blank\">\n<span class=\"ps-sharebox__icon ps-icon--social ps-icon--social-twitter\">Twitter<\/span>\n<\/a>\n<a class=\"ps-sharebox__item \" href=\"https:\/\/www.linkedin.com\/shareArticle?mini=true&url=--peepso-url--&source=Comunidad\" target=\"_blank\">\n<span class=\"ps-sharebox__icon ps-icon--social ps-icon--social-linkedin\">LinkedIn<\/span>\n<\/a>\n<a class=\"ps-sharebox__item \" href=\"https:\/\/www.google.com\/bookmarks\/mark?op=edit&bkmk=--peepso-url--\" target=\"_blank\">\n<span class=\"ps-sharebox__icon ps-icon--social ps-icon--social-google\">Google Bookmarks<\/span>\n<\/a>\n<\/div>\n\t\t<\/div>\n\t<\/div>\n\n\t<div id=\"default-delete-dialog\">\n\t\t<div id=\"default-delete-title\">Confirmar borrar<\/div>\n\t\t<div id=\"default-delete-content\">\n\t\t\t\u00bfEst\u00e1 seguro que desea eliminar esto?\t\t<\/div>\n\t\t<div id=\"default-delete-actions\">\n\t\t\t<button type=\"button\" class=\"ps-btn ps-btn-small ps-button-cancel\" onclick=\"pswindow.hide(); return false;\">Cancelar<\/button>\n\t\t\t<button type=\"button\" class=\"ps-btn ps-btn-small ps-button-action\" onclick=\"pswindow.do_delete();\">Eliminar<\/button>\n\t\t<\/div>\n\t<\/div>\n\n\t<div id=\"default-acknowledge-dialog\">\n\t\t<div id=\"default-acknowledge-title\">Confirmar<\/div>\n\t\t<div id=\"default-acknowledge-content\">\n\t\t\t<div>{content}<\/div>\n\t\t<\/div>\n\t\t<div id=\"default-acknowledge-actions\">\n\t\t\t<button type=\"button\" class=\"ps-btn ps-btn-small ps-button-action\" onclick=\"return pswindow.hide();\">Est\u00e1 bien<\/button>\n\t\t<\/div>\n\t<\/div>\n\n\t<div id=\"ps-profile-delete-dialog\">\n\t\t<div id=\"profile-delete-title\">Confirmar borrar<\/div>\n\t\t<div id=\"profile-delete-content\">\n\t\t\t<div>\n\t\t\t\t<h4 class=\"ps-page__body-title\">\u00bfEst\u00e1 seguro que desea eliminar su perfil?<\/h4>\n\n\t\t\t\t<p>Esto eliminar\u00e1 todas sus publicaciones, informaci\u00f3n guardada y borrar\u00e1 su cuenta.<\/p>\n\n\t\t\t\t<p><em class=\"ps-text--danger\">Esto no se puede deshacer.<\/em><\/p>\n\n\t\t\t\t<button type=\"button\" name=\"rep_cacel\" class=\"ps-btn ps-button-cancel\" onclick=\"pswindow.hide(); return false;\">Cancelar<\/button>\n\t\t\t\t&nbsp;\n\t\t\t\t<button type=\"button\" name=\"rep_submit\" class=\"ps-btn ps-button-action\" onclick=\"profile.delete_profile_action(); return false;\">Eliminar mi perfil<\/button>\n\t\t\t<\/div>\n\t\t<\/div>\n\t<\/div>\n\n\t<div id=\"repost-dialog\">\n\t<div class=\"dialog-title\">\n\t\tCompartir este Post\t<\/div>\n\t<div class=\"dialog-content\">\n\t\t<form class=\"ps-form ps-form--repost ps-form--vertical\">\n\t\t\t<div class=\"ps-form__row\">\n\t\t\t\t<textarea id=\"share-post-box\" class=\"ps-input ps-input--textarea\" placeholder=\"En que estas pensando...\"><\/textarea>\n\t\t\t<\/div>\n\t\t\t<div class=\"ps-form__row\">\n\t\t\t\t<div class=\"ps-dropdown ps-dropdown--menu ps-js-dropdown ps-js-dropdown--privacy\">\n\t\t\t\t\t<button class=\"ps-btn ps-btn--sm ps-dropdown__toggle ps-js-dropdown-toggle\" data-value=\"\">\n\t\t\t\t\t\t<span class=\"dropdown-value\"><i class=\"gcis gci-globe-americas\"><\/i><\/span>\n\t\t\t\t\t<\/button>\n\t\t\t\t\t<input type=\"hidden\" id=\"repost_acc\" name=\"repost_acc\" value=\"10\" \/>\n\t\t\t\t\t<div class=\"ps-dropdown__menu ps-js-dropdown-menu\"><a href=\"#\" data-option-value=\"10\" onclick=\"return \"><i class=\"gcis gci-globe-americas\"><\/i><span>P\u00fablico<\/span><\/a><a href=\"#\" data-option-value=\"20\" onclick=\"return \"><i class=\"gcis gci-user-friends\"><\/i><span>Miembros del sitio<\/span><\/a><a href=\"#\" data-option-value=\"30\" onclick=\"return \"><i class=\"gcis gci-user\"><\/i><span>Amigos solamente<\/span><\/a><a href=\"#\" data-option-value=\"40\" onclick=\"return \"><i class=\"gcis gci-lock\"><\/i><span>S\u00f3lo yo<\/span><\/a><\/div>\t\t\t\t<\/div>\n\t\t\t\t<input type=\"hidden\" id=\"postbox-post-id\" name=\"post_id\" value=\"{post-id}\" \/>\n\t\t\t<\/div>\n\t\t\t<div class=\"ps-form__row\">\n\t\t\t\t<blockquote>\n\t\t\t\t\t{post-content}\n\t\t\t\t<\/blockquote>\n\t\t\t<\/div>\n\t\t<\/form>\n\t<\/div>\n\t<div class=\"dialog-action\">\n\t\t<button type=\"button\" name=\"rep_cacel\" class=\"ps-btn ps-btn--sm\" onclick=\"pswindow.hide(); return false;\">Cancelar<\/button>\n\t\t<button type=\"button\" name=\"rep_submit\" class=\"ps-btn ps-btn--sm ps-btn--action\" onclick=\"activity.submit_repost(); return false;\">Compartir<\/button>\n\t<\/div>\n<\/div>\n\t<div id=\"ps-member-search-html\" class=\"ps-form\">\n\t<div class=\"ps-form-row\">\n        <input value=\"\" type=\"search\" name=\"query\" class=\"ps-input ps-full\" placeholder=\"Comienza a escribir para buscar\u2026\" \/>\n        <input type=\"hidden\" id=\"_wpnonce\" name=\"_wpnonce\" value=\"92c4688d2c\" \/><input type=\"hidden\" name=\"_wp_http_referer\" value=\"\/comunidad\/wp-json\/wp\/v2\/pages\/5\" \/>\t<\/div>\n\t<div class=\"ps-padding ps-text--center hidden member-search-notice\">\n\t\tNo se encontraron resultados.\t<\/div>\n<\/div>\n\t<\/div>\n            <\/div>\n            <!-- end: PeepSo Activity Posts -->\n        <\/div>\n        <!-- end: PeepSo Activity -->\n    <\/div>\n<\/div>\n<\/div>\n","protected":false},"excerpt":{"rendered":"","protected":false},"author":2353,"featured_media":0,"parent":0,"menu_order":0,"comment_status":"closed","ping_status":"closed","template":"","meta":{"inline_featured_image":false},"yoast_head":"<!-- This site is optimized with the Yoast SEO plugin v20.5 - https:\/\/yoast.com\/wordpress\/plugins\/seo\/ -->\n<title>Actividad reciente<\/title>\n<meta name=\"robots\" content=\"noindex, follow, max-snippet:-1, max-image-preview:large, max-video-preview:-1\" \/>\n<meta property=\"og:locale\" content=\"es_ES\" \/>\n<meta property=\"og:type\" content=\"article\" \/>\n<meta property=\"og:title\" content=\"Actividad reciente - Comunidad\" \/>\n<meta property=\"og:url\" content=\"https:\/\/socialskin.com\/comunidad\/activity\/\" \/>\n<meta property=\"og:site_name\" content=\"Comunidad\" \/>\n<meta name=\"twitter:card\" content=\"summary_large_image\" \/>\n<script type=\"application\/ld+json\" class=\"yoast-schema-graph\">{\"@context\":\"https:\/\/schema.org\",\"@graph\":[{\"@type\":\"WebPage\",\"@id\":\"https:\/\/socialskin.com\/comunidad\/activity\/\",\"url\":\"https:\/\/socialskin.com\/comunidad\/activity\/\",\"name\":\"Actividad reciente - Comunidad\",\"isPartOf\":{\"@id\":\"https:\/\/socialskin.com\/comunidad\/#website\"},\"datePublished\":\"2021-02-26T17:07:14+00:00\",\"dateModified\":\"2021-02-26T17:07:14+00:00\",\"breadcrumb\":{\"@id\":\"https:\/\/socialskin.com\/comunidad\/activity\/#breadcrumb\"},\"inLanguage\":\"es\",\"potentialAction\":[{\"@type\":\"ReadAction\",\"target\":[\"https:\/\/socialskin.com\/comunidad\/activity\/\"]}]},{\"@type\":\"BreadcrumbList\",\"@id\":\"https:\/\/socialskin.com\/comunidad\/activity\/#breadcrumb\",\"itemListElement\":[{\"@type\":\"ListItem\",\"position\":1,\"name\":\"Inicio\",\"item\":\"https:\/\/socialskin.com\/comunidad\/\"},{\"@type\":\"ListItem\",\"position\":2,\"name\":\"Actividad reciente\"}]},{\"@type\":\"WebSite\",\"@id\":\"https:\/\/socialskin.com\/comunidad\/#website\",\"url\":\"https:\/\/socialskin.com\/comunidad\/\",\"name\":\"Comunidad\",\"description\":\"Otro sitio realizado con WordPress\",\"publisher\":{\"@id\":\"https:\/\/socialskin.com\/comunidad\/#organization\"},\"potentialAction\":[{\"@type\":\"SearchAction\",\"target\":{\"@type\":\"EntryPoint\",\"urlTemplate\":\"https:\/\/socialskin.com\/comunidad\/?s={search_term_string}\"},\"query-input\":\"required name=search_term_string\"}],\"inLanguage\":\"es\"},{\"@type\":\"Organization\",\"@id\":\"https:\/\/socialskin.com\/comunidad\/#organization\",\"name\":\"Social Skin - Comunidad\",\"url\":\"https:\/\/socialskin.com\/comunidad\/\",\"logo\":{\"@type\":\"ImageObject\",\"inLanguage\":\"es\",\"@id\":\"https:\/\/socialskin.com\/comunidad\/#\/schema\/logo\/image\/\",\"url\":\"https:\/\/di0sglc4ew7ue.cloudfront.net\/comunidad\/wp-content\/uploads\/2021\/04\/09204156\/logo_comunidades.png\",\"contentUrl\":\"https:\/\/di0sglc4ew7ue.cloudfront.net\/comunidad\/wp-content\/uploads\/2021\/04\/09204156\/logo_comunidades.png\",\"width\":165,\"height\":59,\"caption\":\"Social Skin - Comunidad\"},\"image\":{\"@id\":\"https:\/\/socialskin.com\/comunidad\/#\/schema\/logo\/image\/\"}}]}<\/script>\n<!-- \/ Yoast SEO plugin. -->","yoast_head_json":{"title":"Actividad reciente","robots":{"index":"noindex","follow":"follow","max-snippet":"max-snippet:-1","max-image-preview":"max-image-preview:large","max-video-preview":"max-video-preview:-1"},"og_locale":"es_ES","og_type":"article","og_title":"Actividad reciente - Comunidad","og_url":"https:\/\/socialskin.com\/comunidad\/activity\/","og_site_name":"Comunidad","twitter_card":"summary_large_image","schema":{"@context":"https:\/\/schema.org","@graph":[{"@type":"WebPage","@id":"https:\/\/socialskin.com\/comunidad\/activity\/","url":"https:\/\/socialskin.com\/comunidad\/activity\/","name":"Actividad reciente - Comunidad","isPartOf":{"@id":"https:\/\/socialskin.com\/comunidad\/#website"},"datePublished":"2021-02-26T17:07:14+00:00","dateModified":"2021-02-26T17:07:14+00:00","breadcrumb":{"@id":"https:\/\/socialskin.com\/comunidad\/activity\/#breadcrumb"},"inLanguage":"es","potentialAction":[{"@type":"ReadAction","target":["https:\/\/socialskin.com\/comunidad\/activity\/"]}]},{"@type":"BreadcrumbList","@id":"https:\/\/socialskin.com\/comunidad\/activity\/#breadcrumb","itemListElement":[{"@type":"ListItem","position":1,"name":"Inicio","item":"https:\/\/socialskin.com\/comunidad\/"},{"@type":"ListItem","position":2,"name":"Actividad reciente"}]},{"@type":"WebSite","@id":"https:\/\/socialskin.com\/comunidad\/#website","url":"https:\/\/socialskin.com\/comunidad\/","name":"Comunidad","description":"Otro sitio realizado con WordPress","publisher":{"@id":"https:\/\/socialskin.com\/comunidad\/#organization"},"potentialAction":[{"@type":"SearchAction","target":{"@type":"EntryPoint","urlTemplate":"https:\/\/socialskin.com\/comunidad\/?s={search_term_string}"},"query-input":"required name=search_term_string"}],"inLanguage":"es"},{"@type":"Organization","@id":"https:\/\/socialskin.com\/comunidad\/#organization","name":"Social Skin - Comunidad","url":"https:\/\/socialskin.com\/comunidad\/","logo":{"@type":"ImageObject","inLanguage":"es","@id":"https:\/\/socialskin.com\/comunidad\/#\/schema\/logo\/image\/","url":"https:\/\/di0sglc4ew7ue.cloudfront.net\/comunidad\/wp-content\/uploads\/2021\/04\/09204156\/logo_comunidades.png","contentUrl":"https:\/\/di0sglc4ew7ue.cloudfront.net\/comunidad\/wp-content\/uploads\/2021\/04\/09204156\/logo_comunidades.png","width":165,"height":59,"caption":"Social Skin - Comunidad"},"image":{"@id":"https:\/\/socialskin.com\/comunidad\/#\/schema\/logo\/image\/"}}]}},"_links":{"self":[{"href":"https:\/\/socialskin.com\/comunidad\/wp-json\/wp\/v2\/pages\/5"}],"collection":[{"href":"https:\/\/socialskin.com\/comunidad\/wp-json\/wp\/v2\/pages"}],"about":[{"href":"https:\/\/socialskin.com\/comunidad\/wp-json\/wp\/v2\/types\/page"}],"author":[{"embeddable":true,"href":"https:\/\/socialskin.com\/comunidad\/wp-json\/wp\/v2\/users\/2353"}],"replies":[{"embeddable":true,"href":"https:\/\/socialskin.com\/comunidad\/wp-json\/wp\/v2\/comments?post=5"}],"version-history":[{"count":0,"href":"https:\/\/socialskin.com\/comunidad\/wp-json\/wp\/v2\/pages\/5\/revisions"}],"wp:attachment":[{"href":"https:\/\/socialskin.com\/comunidad\/wp-json\/wp\/v2\/media?parent=5"}],"curies":[{"name":"wp","href":"https:\/\/api.w.org\/{rel}","templated":true}]}}