{"id":3232,"date":"2021-04-09T15:07:54","date_gmt":"2021-04-09T15:07:54","guid":{"rendered":"https:\/\/stg.socialskin.com\/comunidad\/?page_id=3232"},"modified":"2022-08-03T10:53:29","modified_gmt":"2022-08-03T15:53:29","slug":"terminos-y-condiciones","status":"publish","type":"page","link":"https:\/\/socialskin.com\/comunidad\/terminos-y-condiciones\/","title":{"rendered":"T\u00e9rminos y Condiciones del sitio web"},"content":{"rendered":"<h4>Aceptaci\u00f3n de las Condiciones de Uso<\/h4>\n<p>Las presentes Condiciones de uso regulan la utilizaci\u00f3n del Sitio Web que el Grupo Bol\u00edvar S.A. por\u00a0medio de social skin pone a disposici\u00f3n de los Usuarios.<\/p>\n<p>Las Condiciones de Uso junto con el Tratamiento de Datos Personales constituyen en su conjunto los\u00a0t\u00e9rminos y condiciones que rigen el acceso y uso de la parte p\u00fablica del Sitio Web (los \u00abT\u00e9rminos y\u00a0Condiciones del Sitio Web\u00bb).<\/p>\n<p>El acceso y utilizaci\u00f3n del Sitio Web por parte del Usuario supone que \u00e9ste acepta en su totalidad y se\u00a0obliga a cumplir por completo los T\u00e9rminos y Condiciones del Sitio Web. Por lo tanto, el Usuario\u00a0debe leer atentamente las presentes Condiciones de Uso as\u00ed como los restantes T\u00e9rminos y\u00a0Condiciones del Sitio Web en cada una de las ocasiones en que se proponga utilizar el Sitio Web, ya\u00a0que \u00e9stos pueden sufrir modificaciones que ser\u00edan comunicadas al Usuario con el nuevo acceso. El\u00a0Grupo Bol\u00edvar S.A. por medio de social skin se reserva el derecho a actualizar, modificar o eliminar\u00a0los presentes T\u00e9rminos y Condiciones del Sitio Web.<\/p>\n<p>&nbsp;<\/p>\n<h4><a name=\"CondicionesdeUsodelSitioWeb\"><\/a>Condiciones de Uso del Sitio Web<\/h4>\n<p>El Usuario se obliga a hacer un buen uso del Sitio Web, entendi\u00e9ndose por buen uso el que sea\u00a0conforme con la legislaci\u00f3n vigente, buena fe y orden p\u00fablico. Igualmente, el Usuario se compromete\u00a0a no usar el Sitio Web con fines fraudulentos, as\u00ed como a no llevar a cabo conducta alguna que pudiera\u00a0da\u00f1ar la imagen, los intereses y los derechos del Grupo Bol\u00edvar S.A. por medio de social skin o de\u00a0terceros. Asimismo, el Usuario se compromete a no realizar acto alguno con objeto de da\u00f1ar, inutilizar\u00a0o sobrecargar el Sitio Web, o que impidiera, de cualquier forma, la normal utilizaci\u00f3n y\u00a0funcionamiento del mismo.<\/p>\n<p>Se informa al Usuario que en el caso de incumplir el contenido o las obligaciones que se derivan de\u00a0los T\u00e9rminos y Condiciones del Sitio Web o de cualesquiera otros t\u00e9rminos o condiciones particulares\u00a0recogidos en el Sitio Web, el Grupo Bol\u00edvar S.A. por medio de social skin se reserva el derecho a\u00a0limitar, suspender o terminar su acceso al Sitio Web, adoptando cualquier medida t\u00e9cnica que sea\u00a0necesaria con ese fin. Asimismo, el Grupo Bol\u00edvar se reserva la posibilidad de ejercer tales medidas en\u00a0el supuesto de que sospeche razonablemente que el Usuario est\u00e1 vulnerando cualquiera de los\u00a0t\u00e9rminos recogidos en los T\u00e9rminos y Condiciones del Sitio Web o de cualesquiera otros t\u00e9rminos o\u00a0condiciones particulares recogidos en el Sitio Web.<\/p>\n<p>El Grupo Bol\u00edvar S.A. por medio de social skin se reserva el derecho a actualizar, modificar o\u00a0eliminar la informaci\u00f3n contenida en el Sitio Web, incluyendo los contenidos y\/o servicios que en \u00e9l\u00a0se integran, pudiendo incluso limitar o no permitir el acceso a dicha informaci\u00f3n, en cualquier\u00a0momento y sin previo aviso. Especialmente, el Grupo Bol\u00edvar S.A. se reserva el derecho a eliminar,\u00a0limitar o impedir el acceso al Sitio Web cuando surjan dificultades t\u00e9cnicas por hechos o\u00a0circunstancias ajenos al Grupo Bol\u00edvar S.A. por medio de social skin que, a su criterio, disminuyan o\u00a0anulen los niveles de seguridad o est\u00e1ndares adoptados para el adecuado funcionamiento de dicho\u00a0Sitio Web.<\/p>\n<p>&nbsp;<\/p>\n<h4><a name=\"ContenidodelSitioWeb\"><\/a>Contenido del Sitio Web<\/h4>\n<p>La informaci\u00f3n contenida en el Sitio Web tiene finalidad informativa, y no proporciona ning\u00fan tipo de\u00a0recomendaci\u00f3n, no pudi\u00e9ndose considerar en ning\u00fan caso como asesoramiento legal, fiscal,\u00a0financiero, de inversi\u00f3n, t\u00e9cnico, ni oferta o garant\u00eda por parte del Grupo Bol\u00edvar S.A. a trav\u00e9s de\u00a0social skin, ni debe ser entendido como una recomendaci\u00f3n para realizar operaciones, ni constituir\u00e1 la\u00a0base para la toma de decisiones.<\/p>\n<p>El Grupo Bol\u00edvar S.A. por medio de social skin no ser\u00e1 responsable por el uso que de la informaci\u00f3n\u00a0contenida en el Sitio Web, ha de entenderse que dicha informaci\u00f3n, est\u00e1 acorde con la legislaci\u00f3n\u00a0Colombiana, y no va destinada a aquellos usuarios que act\u00faen bajo otras jurisdicciones.<\/p>\n<p>La informaci\u00f3n suministrada por el Grupo Bol\u00edvar S.A. a trav\u00e9s de social skin en el Sitio Web no\u00a0constituye una opini\u00f3n t\u00e9cnica.<\/p>\n<p>El Grupo Bol\u00edvar SA. por medio de social skin, no se hace responsable de que la informaci\u00f3n\u00a0contenida en el Sitio Web responda a las expectativas del Usuario.<\/p>\n<p>El Grupo Bol\u00edvar S.A por medio de social skin, no responde de la veracidad, exactitud, suficiencia,\u00a0integridad o actualizaci\u00f3n de las informaciones que no sean de elaboraci\u00f3n propia y aquellas en las\u00a0que se indique otra fuente. Tampoco se hace responsable de las opiniones o comentarios que puedan\u00a0aparecer en el Sitio Web ya que, o bien podr\u00edan ser realizadas por los Usuarios a t\u00edtulo personal, o bien\u00a0provenir de las fuentes que se indican.<\/p>\n<p>El Grupo Bol\u00edvar S.A por medio de social skin se reserva el derecho a actualizar, modificar o eliminar\u00a0la informaci\u00f3n contenida en el Sitio Web en los t\u00e9rminos se\u00f1alados anteriormente, no asumiendo\u00a0compromiso alguno de comunicar cambios ni modificar el contenido del mismo.<\/p>\n<p>El Usuario RECONOCE Y ACEPTA las anteriores declaraciones y adicionalmente en su condici\u00f3n de\u00a0Usuario de este Sitio Web, GARANTIZA el cumplimiento de la normatividad legal vigente en\u00a0Colombia.<\/p>\n<p>&nbsp;<\/p>\n<h4><a name=\"Pol%C3%ADticadeenlaces%28%C2%ABLinks%C2%BB%29\"><\/a>Pol\u00edtica de enlaces (\u00abLinks\u00bb)<\/h4>\n<p>Establecimiento de enlaces con el Sitio Web:<\/p>\n<p>Queda prohibido el establecimiento de enlaces con destino al Sitio Web, a menos que el mismo haya\u00a0sido previamente autorizado por el Grupo Bol\u00edvar S.A.. En cualquier caso, una vez autorizado el\u00a0enlace por el Grupo Bol\u00edvar S.A., el mismo deber\u00e1 establecerse en los siguientes t\u00e9rminos:<\/p>\n<p>En ning\u00fan caso la autorizaci\u00f3n otorgada por el Grupo Bol\u00edvar S.A. significa que:<\/p>\n<p>El Grupo Bol\u00edvar S.A. patrocina, colabora, verifica o supervisa el contenido y\/o los servicios que se\u00a0prestan a trav\u00e9s del Sitio Enlazador.<\/p>\n<p>Que el Grupo Bol\u00edvar S.A. sea en modo alguno responsable del contenido del Sitio Enlazador.<\/p>\n<p>El Sitio Enlazador deber\u00e1 cumplir fielmente con la legislaci\u00f3n vigente en Colombia y no podr\u00e1 en\u00a0ning\u00fan caso albergar contenidos, propios o de terceros, que:<\/p>\n<p>Sean il\u00edcitos, lesivos de derechos de terceros, nocivos, denigrantes, violentos, inadecuados o de\u00a0cualquier otro modo contrarios a la moral, a los usos y a las buenas costumbres (pornogr\u00e1ficos,\u00a0racistas, etc.)<\/p>\n<p>Induzcan o puedan inducir en el Usuario la falsa concepci\u00f3n de que el Grupo Bol\u00edvar suscribe,\u00a0respalda, se adhiere o de cualquier manera apoya, las ideas, manifestaciones o expresiones, l\u00edcitas o\u00a0il\u00edcitas del remitente<\/p>\n<p>Resulten inapropiados o no pertinentes en relaci\u00f3n con la actividad del Grupo Bol\u00edvar S.A.<\/p>\n<p>En el supuesto de incumplimiento de cualquiera de los t\u00e9rminos antes enunciados, el Grupo Bol\u00edvar\u00a0S.A. podr\u00e1 adoptar las medidas legales que procedan para tal efecto.<\/p>\n","protected":false},"excerpt":{"rendered":"<p>Aceptaci\u00f3n de las Condiciones de Uso Las presentes Condiciones de uso regulan la utilizaci\u00f3n del Sitio Web que el Grupo Bol\u00edvar S.A. por\u00a0medio de social skin pone a disposici\u00f3n de los Usuarios. Las Condiciones de Uso junto con el Tratamiento de Datos Personales constituyen en su conjunto los\u00a0t\u00e9rminos y condiciones que rigen el acceso y [&hellip;]<\/p>\n","protected":false},"author":2353,"featured_media":0,"parent":0,"menu_order":0,"comment_status":"closed","ping_status":"closed","template":"page-fullwidth.php","meta":{"inline_featured_image":false},"yoast_head":"<!-- This site is optimized with the Yoast SEO plugin v20.5 - https:\/\/yoast.com\/wordpress\/plugins\/seo\/ -->\n<title>T\u00e9rminos y Condiciones del sitio web - Comunidad<\/title>\n<meta name=\"robots\" content=\"noindex, follow, max-snippet:-1, max-image-preview:large, max-video-preview:-1\" \/>\n<meta property=\"og:locale\" content=\"es_ES\" \/>\n<meta property=\"og:type\" content=\"article\" \/>\n<meta property=\"og:title\" content=\"T\u00e9rminos y Condiciones del sitio web - Comunidad\" \/>\n<meta property=\"og:description\" content=\"Aceptaci\u00f3n de las Condiciones de Uso Las presentes Condiciones de uso regulan la utilizaci\u00f3n del Sitio Web que el Grupo Bol\u00edvar S.A. por\u00a0medio de social skin pone a disposici\u00f3n de los Usuarios. Las Condiciones de Uso junto con el Tratamiento de Datos Personales constituyen en su conjunto los\u00a0t\u00e9rminos y condiciones que rigen el acceso y [&hellip;]\" \/>\n<meta property=\"og:url\" content=\"https:\/\/socialskin.com\/comunidad\/terminos-y-condiciones\/\" \/>\n<meta property=\"og:site_name\" content=\"Comunidad\" \/>\n<meta property=\"article:modified_time\" content=\"2022-08-03T15:53:29+00:00\" \/>\n<meta name=\"twitter:card\" content=\"summary_large_image\" \/>\n<meta name=\"twitter:label1\" content=\"Tiempo de lectura\" \/>\n\t<meta name=\"twitter:data1\" content=\"5 minutos\" \/>\n<script type=\"application\/ld+json\" class=\"yoast-schema-graph\">{\"@context\":\"https:\/\/schema.org\",\"@graph\":[{\"@type\":\"WebPage\",\"@id\":\"https:\/\/socialskin.com\/comunidad\/terminos-y-condiciones\/\",\"url\":\"https:\/\/socialskin.com\/comunidad\/terminos-y-condiciones\/\",\"name\":\"T\u00e9rminos y Condiciones del sitio web - Comunidad\",\"isPartOf\":{\"@id\":\"https:\/\/socialskin.com\/comunidad\/#website\"},\"datePublished\":\"2021-04-09T15:07:54+00:00\",\"dateModified\":\"2022-08-03T15:53:29+00:00\",\"breadcrumb\":{\"@id\":\"https:\/\/socialskin.com\/comunidad\/terminos-y-condiciones\/#breadcrumb\"},\"inLanguage\":\"es\",\"potentialAction\":[{\"@type\":\"ReadAction\",\"target\":[\"https:\/\/socialskin.com\/comunidad\/terminos-y-condiciones\/\"]}]},{\"@type\":\"BreadcrumbList\",\"@id\":\"https:\/\/socialskin.com\/comunidad\/terminos-y-condiciones\/#breadcrumb\",\"itemListElement\":[{\"@type\":\"ListItem\",\"position\":1,\"name\":\"Inicio\",\"item\":\"https:\/\/socialskin.com\/comunidad\/\"},{\"@type\":\"ListItem\",\"position\":2,\"name\":\"T\u00e9rminos y Condiciones del sitio web\"}]},{\"@type\":\"WebSite\",\"@id\":\"https:\/\/socialskin.com\/comunidad\/#website\",\"url\":\"https:\/\/socialskin.com\/comunidad\/\",\"name\":\"Comunidad\",\"description\":\"Otro sitio realizado con WordPress\",\"publisher\":{\"@id\":\"https:\/\/socialskin.com\/comunidad\/#organization\"},\"potentialAction\":[{\"@type\":\"SearchAction\",\"target\":{\"@type\":\"EntryPoint\",\"urlTemplate\":\"https:\/\/socialskin.com\/comunidad\/?s={search_term_string}\"},\"query-input\":\"required name=search_term_string\"}],\"inLanguage\":\"es\"},{\"@type\":\"Organization\",\"@id\":\"https:\/\/socialskin.com\/comunidad\/#organization\",\"name\":\"Social Skin - Comunidad\",\"url\":\"https:\/\/socialskin.com\/comunidad\/\",\"logo\":{\"@type\":\"ImageObject\",\"inLanguage\":\"es\",\"@id\":\"https:\/\/socialskin.com\/comunidad\/#\/schema\/logo\/image\/\",\"url\":\"https:\/\/di0sglc4ew7ue.cloudfront.net\/comunidad\/wp-content\/uploads\/2021\/04\/09204156\/logo_comunidades.png\",\"contentUrl\":\"https:\/\/di0sglc4ew7ue.cloudfront.net\/comunidad\/wp-content\/uploads\/2021\/04\/09204156\/logo_comunidades.png\",\"width\":165,\"height\":59,\"caption\":\"Social Skin - Comunidad\"},\"image\":{\"@id\":\"https:\/\/socialskin.com\/comunidad\/#\/schema\/logo\/image\/\"}}]}<\/script>\n<!-- \/ Yoast SEO plugin. -->","yoast_head_json":{"title":"T\u00e9rminos y Condiciones del sitio web - Comunidad","robots":{"index":"noindex","follow":"follow","max-snippet":"max-snippet:-1","max-image-preview":"max-image-preview:large","max-video-preview":"max-video-preview:-1"},"og_locale":"es_ES","og_type":"article","og_title":"T\u00e9rminos y Condiciones del sitio web - Comunidad","og_description":"Aceptaci\u00f3n de las Condiciones de Uso Las presentes Condiciones de uso regulan la utilizaci\u00f3n del Sitio Web que el Grupo Bol\u00edvar S.A. por\u00a0medio de social skin pone a disposici\u00f3n de los Usuarios. Las Condiciones de Uso junto con el Tratamiento de Datos Personales constituyen en su conjunto los\u00a0t\u00e9rminos y condiciones que rigen el acceso y [&hellip;]","og_url":"https:\/\/socialskin.com\/comunidad\/terminos-y-condiciones\/","og_site_name":"Comunidad","article_modified_time":"2022-08-03T15:53:29+00:00","twitter_card":"summary_large_image","twitter_misc":{"Tiempo de lectura":"5 minutos"},"schema":{"@context":"https:\/\/schema.org","@graph":[{"@type":"WebPage","@id":"https:\/\/socialskin.com\/comunidad\/terminos-y-condiciones\/","url":"https:\/\/socialskin.com\/comunidad\/terminos-y-condiciones\/","name":"T\u00e9rminos y Condiciones del sitio web - Comunidad","isPartOf":{"@id":"https:\/\/socialskin.com\/comunidad\/#website"},"datePublished":"2021-04-09T15:07:54+00:00","dateModified":"2022-08-03T15:53:29+00:00","breadcrumb":{"@id":"https:\/\/socialskin.com\/comunidad\/terminos-y-condiciones\/#breadcrumb"},"inLanguage":"es","potentialAction":[{"@type":"ReadAction","target":["https:\/\/socialskin.com\/comunidad\/terminos-y-condiciones\/"]}]},{"@type":"BreadcrumbList","@id":"https:\/\/socialskin.com\/comunidad\/terminos-y-condiciones\/#breadcrumb","itemListElement":[{"@type":"ListItem","position":1,"name":"Inicio","item":"https:\/\/socialskin.com\/comunidad\/"},{"@type":"ListItem","position":2,"name":"T\u00e9rminos y Condiciones del sitio web"}]},{"@type":"WebSite","@id":"https:\/\/socialskin.com\/comunidad\/#website","url":"https:\/\/socialskin.com\/comunidad\/","name":"Comunidad","description":"Otro sitio realizado con WordPress","publisher":{"@id":"https:\/\/socialskin.com\/comunidad\/#organization"},"potentialAction":[{"@type":"SearchAction","target":{"@type":"EntryPoint","urlTemplate":"https:\/\/socialskin.com\/comunidad\/?s={search_term_string}"},"query-input":"required name=search_term_string"}],"inLanguage":"es"},{"@type":"Organization","@id":"https:\/\/socialskin.com\/comunidad\/#organization","name":"Social Skin - Comunidad","url":"https:\/\/socialskin.com\/comunidad\/","logo":{"@type":"ImageObject","inLanguage":"es","@id":"https:\/\/socialskin.com\/comunidad\/#\/schema\/logo\/image\/","url":"https:\/\/di0sglc4ew7ue.cloudfront.net\/comunidad\/wp-content\/uploads\/2021\/04\/09204156\/logo_comunidades.png","contentUrl":"https:\/\/di0sglc4ew7ue.cloudfront.net\/comunidad\/wp-content\/uploads\/2021\/04\/09204156\/logo_comunidades.png","width":165,"height":59,"caption":"Social Skin - Comunidad"},"image":{"@id":"https:\/\/socialskin.com\/comunidad\/#\/schema\/logo\/image\/"}}]}},"_links":{"self":[{"href":"https:\/\/socialskin.com\/comunidad\/wp-json\/wp\/v2\/pages\/3232"}],"collection":[{"href":"https:\/\/socialskin.com\/comunidad\/wp-json\/wp\/v2\/pages"}],"about":[{"href":"https:\/\/socialskin.com\/comunidad\/wp-json\/wp\/v2\/types\/page"}],"author":[{"embeddable":true,"href":"https:\/\/socialskin.com\/comunidad\/wp-json\/wp\/v2\/users\/2353"}],"replies":[{"embeddable":true,"href":"https:\/\/socialskin.com\/comunidad\/wp-json\/wp\/v2\/comments?post=3232"}],"version-history":[{"count":3,"href":"https:\/\/socialskin.com\/comunidad\/wp-json\/wp\/v2\/pages\/3232\/revisions"}],"predecessor-version":[{"id":9963,"href":"https:\/\/socialskin.com\/comunidad\/wp-json\/wp\/v2\/pages\/3232\/revisions\/9963"}],"wp:attachment":[{"href":"https:\/\/socialskin.com\/comunidad\/wp-json\/wp\/v2\/media?parent=3232"}],"curies":[{"name":"wp","href":"https:\/\/api.w.org\/{rel}","templated":true}]}}